{"id":60,"date":"2024-09-03T19:29:59","date_gmt":"2024-09-03T17:29:59","guid":{"rendered":"https:\/\/shs-ev.de\/?page_id=60"},"modified":"2024-09-03T20:09:55","modified_gmt":"2024-09-03T18:09:55","slug":"so-findet-man-uns","status":"publish","type":"page","link":"https:\/\/shs-ev.de\/index.php\/verein\/so-findet-man-uns\/","title":{"rendered":"So findet man uns"},"content":{"rendered":"<p><img loading=\"lazy\" decoding=\"async\" class=\"alignleft wp-image-82 size-full\" src=\"https:\/\/shs-ev.de\/wp-content\/uploads\/2024\/09\/kielleuchtturm.jpg\" alt=\"\" width=\"250\" height=\"140\" \/>Von See kommend k\u00f6nnen Sie sich schon von weitem an dem 29 Meter hoch aufragendem und rot weiss lackiertem Kieler-Leuchtturm orientieren. Einlaufend gibt der B\u00fclker Leuchtturm eine gute Hilfestellung. Er kann f\u00fcr alle aus Norden kommenden Sportboote knapp passiert werden, sollte aber Aufgrund der grossen Steine in geb\u00fchrendem Abstand gelassen werden. Nun kommen sie in die Strander Bucht und weiter geht es zum Leuchtturm Friedrichsort. Hier wird es nun ein wenig eng.<\/p>\n<p><img loading=\"lazy\" decoding=\"async\" class=\"alignleft wp-image-79 size-full\" src=\"https:\/\/shs-ev.de\/wp-content\/uploads\/2024\/09\/friedrichsort.jpg\" alt=\"\" width=\"250\" height=\"158\" \/>Vom Fahrwasser der Berufsschifffahrt, die Aufgrund des Nord-Ostsee Kanals hier recht stark vertreten ist, sollte man sich fern halten. Besonders in der Friedrichsorter Enge sollten Sie sich zwischen der westlichen Fahrwasserbegrenzung Tonne 9 und dem Leuchtturm halten. Beachten sie bitte auch das nun folgende Sperrgebiet das rechter Hand vor ihnen liegt.<\/p>\n<p>Um in den Innenhafen zu kommen muss nun das Fahrwasser vor der Einfahrt zum Nord-Ostsee-Kanal gekreuzt werden. Nach erfolgreicher \u00dcberquerung der Schleuseneinfahrt kommen Sie, vorbei an der Marine im Tirpitzhafen, langsam Richtung Ostufer und Innenhafen. Orientieren Sie sich an den grossen Kr\u00e4nen der HDW &#8211; Werft. Nun k\u00f6nnen sie, wenn das Kraftwerksgel\u00e4nde links hinter ihnen liegt, hinter dem neu erbauten Ostuferhafen schon die Einfahrt in die Schwentine sehen.<\/p>\n<p>Kreuzen Sie erneut das Fahrwasser und laufen Sie in die Schwentine ein. Achtung: Sehr oft hat man es hier mit drehenden Winden und Gegenstrom zu tun. Sie finden uns idyllisch gelegen als letzten Hafen auf der Backbord Seite zwischen dem F\u00e4hranleger der Kieler Verkehrs und Aktiengesellschaft und der Compass &#8211; Reha &#8211; Klinik.<\/p>\n<p><img loading=\"lazy\" decoding=\"async\" class=\"alignright wp-image-83 size-full\" src=\"https:\/\/shs-ev.de\/wp-content\/uploads\/2024\/09\/luftbild.jpg\" alt=\"\" width=\"250\" height=\"190\" \/><\/p>\n<ul>\n<li>Liegepl\u00e4tze : G\u00e4ste machen an freien Liegepl\u00e4tzen fest und nehmen Kontakt mit dem Hafenwart auf.<\/li>\n<li>Verkehrsanbindung : Zum Zentrum gelangt man mit den Bussen der KVAG Linie 11 und 12 oder mit dem F\u00e4hrschiff der F\u00f6rdeschifffahrtslinie. Am Anleger sind sie ja bereits vorbeigefahren.<\/li>\n<li>Versorgung kann in den Stadtteilen Dietrichsdorf oder Wellingdorf erfolgen, beide sind mit einem kleinen Fussmarsch zu erreichen und bieten zahlreiche Einkaufsm\u00f6glichkeiten.<\/li>\n<li>Sehenswert : Ausflugsm\u00f6glichkeiten auf der Schwentine mit den Schwentineschiffen von der Anlegestelle Neum\u00fchlenbr\u00fccke 5 Minuten vom Hafen. Die Fahrt dauert ca. 1 Stunde und am Wendepunkt der kleinen Schwentineschiffe k\u00f6nnen Sie nach 30 Minuten Fussmarsch durch eine reizvolle Landschaft in der Oppendorfer M\u00fchle gem\u00fctlich Kaffee und Kuchen geniessen.<\/li>\n<li>Restaurant: Gut Essen und gem\u00fctlich Zusammensitzen k\u00f6nnen Sie in der Alten M\u00fchle, 3 Minuten vom Hafen.<\/li>\n<\/ul>\n<p><img loading=\"lazy\" decoding=\"async\" class=\"aligncenter wp-image-81 size-full\" src=\"https:\/\/shs-ev.de\/wp-content\/uploads\/2024\/09\/hafenptsk.jpg\" alt=\"\" width=\"600\" height=\"118\" srcset=\"https:\/\/shs-ev.de\/wp-content\/uploads\/2024\/09\/hafenptsk.jpg 600w, https:\/\/shs-ev.de\/wp-content\/uploads\/2024\/09\/hafenptsk-300x59.jpg 300w\" sizes=\"auto, (max-width: 600px) 100vw, 600px\" \/><\/p>\n<p>&nbsp;<\/p>\n","protected":false},"excerpt":{"rendered":"<p>Von See kommend k\u00f6nnen Sie sich schon von weitem an dem 29 Meter hoch aufragendem und rot weiss lackiertem Kieler-Leuchtturm orientieren. Einlaufend gibt der B\u00fclker Leuchtturm eine gute Hilfestellung. Er [&hellip;]<\/p>\n","protected":false},"author":1,"featured_media":0,"parent":24,"menu_order":25,"comment_status":"closed","ping_status":"closed","template":"","meta":{"footnotes":""},"class_list":["post-60","page","type-page","status-publish","hentry"],"jetpack_sharing_enabled":true,"_links":{"self":[{"href":"https:\/\/shs-ev.de\/index.php\/wp-json\/wp\/v2\/pages\/60","targetHints":{"allow":["GET"]}}],"collection":[{"href":"https:\/\/shs-ev.de\/index.php\/wp-json\/wp\/v2\/pages"}],"about":[{"href":"https:\/\/shs-ev.de\/index.php\/wp-json\/wp\/v2\/types\/page"}],"author":[{"embeddable":true,"href":"https:\/\/shs-ev.de\/index.php\/wp-json\/wp\/v2\/users\/1"}],"replies":[{"embeddable":true,"href":"https:\/\/shs-ev.de\/index.php\/wp-json\/wp\/v2\/comments?post=60"}],"version-history":[{"count":5,"href":"https:\/\/shs-ev.de\/index.php\/wp-json\/wp\/v2\/pages\/60\/revisions"}],"predecessor-version":[{"id":87,"href":"https:\/\/shs-ev.de\/index.php\/wp-json\/wp\/v2\/pages\/60\/revisions\/87"}],"up":[{"embeddable":true,"href":"https:\/\/shs-ev.de\/index.php\/wp-json\/wp\/v2\/pages\/24"}],"wp:attachment":[{"href":"https:\/\/shs-ev.de\/index.php\/wp-json\/wp\/v2\/media?parent=60"}],"curies":[{"name":"wp","href":"https:\/\/api.w.org\/{rel}","templated":true}]}}