{"id":56,"date":"2024-09-03T19:29:05","date_gmt":"2024-09-03T17:29:05","guid":{"rendered":"https:\/\/shs-ev.de\/?page_id=56"},"modified":"2026-03-18T11:25:39","modified_gmt":"2026-03-18T10:25:39","slug":"liegeplaetze","status":"publish","type":"page","link":"https:\/\/shs-ev.de\/index.php\/verein\/liegeplaetze\/","title":{"rendered":"Liegepl\u00e4tze"},"content":{"rendered":"<p><strong>Information Liegepl\u00e4tze<\/strong><\/p>\n<p>k\u00f6nnen jederzeit \u00fcber den Hafenmeister erfragt werden.<\/p>\n<p><a href=\"https:\/\/shs-ev.de\/index.php\/kontakt\/kontakt-zum-hafen\/\">Kontakt<\/a><br \/>\n<a href=\"https:\/\/shs-ev.de\/index.php\/intern\/hafenordnung\/\">Hafenordnung des SHS<\/a><br \/>\n<a href=\"https:\/\/shs-ev.de\/index.php\/intern\/gebuehrenordnung\/\">Geb\u00fchrenordnung<\/a><\/p>\n","protected":false},"excerpt":{"rendered":"<p>Information Liegepl\u00e4tze k\u00f6nnen jederzeit \u00fcber den Hafenmeister erfragt werden. Kontakt Hafenordnung des SHS Geb\u00fchrenordnung<\/p>\n","protected":false},"author":1,"featured_media":0,"parent":24,"menu_order":15,"comment_status":"closed","ping_status":"closed","template":"","meta":{"footnotes":""},"class_list":["post-56","page","type-page","status-publish","hentry"],"jetpack_sharing_enabled":true,"_links":{"self":[{"href":"https:\/\/shs-ev.de\/index.php\/wp-json\/wp\/v2\/pages\/56","targetHints":{"allow":["GET"]}}],"collection":[{"href":"https:\/\/shs-ev.de\/index.php\/wp-json\/wp\/v2\/pages"}],"about":[{"href":"https:\/\/shs-ev.de\/index.php\/wp-json\/wp\/v2\/types\/page"}],"author":[{"embeddable":true,"href":"https:\/\/shs-ev.de\/index.php\/wp-json\/wp\/v2\/users\/1"}],"replies":[{"embeddable":true,"href":"https:\/\/shs-ev.de\/index.php\/wp-json\/wp\/v2\/comments?post=56"}],"version-history":[{"count":5,"href":"https:\/\/shs-ev.de\/index.php\/wp-json\/wp\/v2\/pages\/56\/revisions"}],"predecessor-version":[{"id":839,"href":"https:\/\/shs-ev.de\/index.php\/wp-json\/wp\/v2\/pages\/56\/revisions\/839"}],"up":[{"embeddable":true,"href":"https:\/\/shs-ev.de\/index.php\/wp-json\/wp\/v2\/pages\/24"}],"wp:attachment":[{"href":"https:\/\/shs-ev.de\/index.php\/wp-json\/wp\/v2\/media?parent=56"}],"curies":[{"name":"wp","href":"https:\/\/api.w.org\/{rel}","templated":true}]}}