{"id":366,"date":"2024-09-12T09:24:39","date_gmt":"2024-09-12T07:24:39","guid":{"rendered":"https:\/\/shs-ev.de\/?page_id=366"},"modified":"2024-09-12T09:27:55","modified_gmt":"2024-09-12T07:27:55","slug":"der-shs","status":"publish","type":"page","link":"https:\/\/shs-ev.de\/index.php\/verein\/der-shs\/","title":{"rendered":"Der SHS"},"content":{"rendered":"<p>Der SHS hat sein Hafengel\u00e4nde auf dem Ostufer in Kiel Dietrichsdorf in der Grenzstrasse (Zufahrt \u00fcber die neue FH-Mensa).<\/p>\n<p><img loading=\"lazy\" decoding=\"async\" class=\"alignright size-full wp-image-65\" src=\"https:\/\/shs-ev.de\/wp-content\/uploads\/2024\/09\/vheim1-1.jpg\" alt=\"\" width=\"174\" height=\"243\" \/>Die wundersch\u00f6ne Lage an der Schwentine erlaubt es uns, unsere Segelt\u00f6rns schon nahe des Centrums von Kiel zu starten. Gleichzeitig bietet unser Hafen mit seinen 3 Stegen und 58 Liegepl\u00e4tzen aber guten Schutz bei starken Winden. Durch den Neubau und der Einrichtung des Mensabetriebes sowie den damit verbundenen Aussenanlagen erh\u00e4lt unser Hafenbild einen einzigartigen Charakter.<\/p>\n<p>Der Hafen bietet unseren z.Z. ca. 144 Mitgliedern und Besuchern (wir haben immer einige Gastliegepl\u00e4tze frei) die M\u00f6glichkeit auch einen sch\u00f6nen und ruhigen Hafenliegetag an Bord oder im Hafen zu verbringen.<\/p>\n<p>F\u00fcr kleine Reparaturen oder Inspektionen steht unseren Mitgliedern sogar eine Slipanlage und ein Mastenkran zur Verf\u00fcgung. Unser im Jahre 2023 mit sehr viel Eigenleistung neu renoviertes Vereinsheim macht es uns leicht die Winterpause mit passiven Segelsportveranstaltungen zu \u00fcberbr\u00fccken.<\/p>\n<hr \/>\n<p style=\"text-align: center;\"><strong>Anschrift des SHS:<\/strong><\/p>\n<p style=\"text-align: center;\"><strong>SHS e.V.<\/strong><\/p>\n<p style=\"text-align: center;\">Heikendorfer Weg 29<\/p>\n<p style=\"text-align: center;\">24149 Kiel<\/p>\n<p style=\"text-align: center;\">(Zufahrt \u00fcber Grenzstrasse \/ Schwentinemensa)<\/p>\n<p style=\"text-align: center;\">Telefon: 0431 \/ 276 16<\/p>\n<p style=\"text-align: center;\"><a href=\"https:\/\/shs-ev.de\/index.php\/kontakt\/\">Kontakt<\/a><\/p>\n<p style=\"text-align: center;\">Konto: PSD Nord,<\/p>\n<p style=\"text-align: center;\">IBAN: DE06 2009 0900 3414 5236 00<\/p>\n<p style=\"text-align: center;\">Swift-Bic: GENO DEF1P08<\/p>\n<p>&nbsp;<\/p>\n","protected":false},"excerpt":{"rendered":"<p>Der SHS hat sein Hafengel\u00e4nde auf dem Ostufer in Kiel Dietrichsdorf in der Grenzstrasse (Zufahrt \u00fcber die neue FH-Mensa). Die wundersch\u00f6ne Lage an der Schwentine erlaubt es uns, unsere Segelt\u00f6rns [&hellip;]<\/p>\n","protected":false},"author":1,"featured_media":0,"parent":24,"menu_order":0,"comment_status":"closed","ping_status":"closed","template":"","meta":{"footnotes":""},"class_list":["post-366","page","type-page","status-publish","hentry"],"jetpack_sharing_enabled":true,"_links":{"self":[{"href":"https:\/\/shs-ev.de\/index.php\/wp-json\/wp\/v2\/pages\/366","targetHints":{"allow":["GET"]}}],"collection":[{"href":"https:\/\/shs-ev.de\/index.php\/wp-json\/wp\/v2\/pages"}],"about":[{"href":"https:\/\/shs-ev.de\/index.php\/wp-json\/wp\/v2\/types\/page"}],"author":[{"embeddable":true,"href":"https:\/\/shs-ev.de\/index.php\/wp-json\/wp\/v2\/users\/1"}],"replies":[{"embeddable":true,"href":"https:\/\/shs-ev.de\/index.php\/wp-json\/wp\/v2\/comments?post=366"}],"version-history":[{"count":4,"href":"https:\/\/shs-ev.de\/index.php\/wp-json\/wp\/v2\/pages\/366\/revisions"}],"predecessor-version":[{"id":371,"href":"https:\/\/shs-ev.de\/index.php\/wp-json\/wp\/v2\/pages\/366\/revisions\/371"}],"up":[{"embeddable":true,"href":"https:\/\/shs-ev.de\/index.php\/wp-json\/wp\/v2\/pages\/24"}],"wp:attachment":[{"href":"https:\/\/shs-ev.de\/index.php\/wp-json\/wp\/v2\/media?parent=366"}],"curies":[{"name":"wp","href":"https:\/\/api.w.org\/{rel}","templated":true}]}}